{"id":927,"date":"2025-01-02T16:52:07","date_gmt":"2025-01-02T20:52:07","guid":{"rendered":"http:\/\/172.16.5.147\/?page_id=927"},"modified":"2025-01-23T08:37:35","modified_gmt":"2025-01-23T12:37:35","slug":"home-2-2-4-3-4-2-3","status":"publish","type":"page","link":"https:\/\/museu.policiacivil.am.gov.br\/?page_id=927","title":{"rendered":"arma-SUBMETRALHADORA MT 12 TAURUS"},"content":{"rendered":"\t\t<div data-elementor-type=\"wp-page\" data-elementor-id=\"927\" class=\"elementor elementor-927\" data-elementor-post-type=\"page\">\n\t\t\t\t<div class=\"elementor-element elementor-element-f67e3a9 e-flex e-con-boxed e-con e-parent\" data-id=\"f67e3a9\" data-element_type=\"container\" data-settings=\"{&quot;background_background&quot;:&quot;classic&quot;}\">\n\t\t\t\t\t<div class=\"e-con-inner\">\n\t\t\t\t<div class=\"elementor-element elementor-element-0b27c01 e-grid-align-mobile-center elementor-widget__width-initial elementor-shape-rounded elementor-grid-0 e-grid-align-center elementor-widget elementor-widget-social-icons\" data-id=\"0b27c01\" data-element_type=\"widget\" data-widget_type=\"social-icons.default\">\n\t\t\t\t<div class=\"elementor-widget-container\">\n\t\t\t\t\t\t\t<div class=\"elementor-social-icons-wrapper elementor-grid\" role=\"list\">\n\t\t\t\t\t\t\t<span class=\"elementor-grid-item\" role=\"listitem\">\n\t\t\t\t\t<a class=\"elementor-icon elementor-social-icon elementor-social-icon-facebook elementor-repeater-item-a5cdb34\" href=\"https:\/\/www.facebook.com\/policiacivildoamazonas\" target=\"_blank\">\n\t\t\t\t\t\t<span class=\"elementor-screen-only\">Facebook<\/span>\n\t\t\t\t\t\t<svg class=\"e-font-icon-svg e-fab-facebook\" viewBox=\"0 0 512 512\" xmlns=\"http:\/\/www.w3.org\/2000\/svg\"><path d=\"M504 256C504 119 393 8 256 8S8 119 8 256c0 123.78 90.69 226.38 209.25 245V327.69h-63V256h63v-54.64c0-62.15 37-96.48 93.67-96.48 27.14 0 55.52 4.84 55.52 4.84v61h-31.28c-30.8 0-40.41 19.12-40.41 38.73V256h68.78l-11 71.69h-57.78V501C413.31 482.38 504 379.78 504 256z\"><\/path><\/svg>\t\t\t\t\t<\/a>\n\t\t\t\t<\/span>\n\t\t\t\t\t\t\t<span class=\"elementor-grid-item\" role=\"listitem\">\n\t\t\t\t\t<a class=\"elementor-icon elementor-social-icon elementor-social-icon-twitter elementor-repeater-item-433857d\" href=\"https:\/\/x.com\/policiacivilam\" target=\"_blank\">\n\t\t\t\t\t\t<span class=\"elementor-screen-only\">Twitter<\/span>\n\t\t\t\t\t\t<svg class=\"e-font-icon-svg e-fab-twitter\" viewBox=\"0 0 512 512\" xmlns=\"http:\/\/www.w3.org\/2000\/svg\"><path d=\"M459.37 151.716c.325 4.548.325 9.097.325 13.645 0 138.72-105.583 298.558-298.558 298.558-59.452 0-114.68-17.219-161.137-47.106 8.447.974 16.568 1.299 25.34 1.299 49.055 0 94.213-16.568 130.274-44.832-46.132-.975-84.792-31.188-98.112-72.772 6.498.974 12.995 1.624 19.818 1.624 9.421 0 18.843-1.3 27.614-3.573-48.081-9.747-84.143-51.98-84.143-102.985v-1.299c13.969 7.797 30.214 12.67 47.431 13.319-28.264-18.843-46.781-51.005-46.781-87.391 0-19.492 5.197-37.36 14.294-52.954 51.655 63.675 129.3 105.258 216.365 109.807-1.624-7.797-2.599-15.918-2.599-24.04 0-57.828 46.782-104.934 104.934-104.934 30.213 0 57.502 12.67 76.67 33.137 23.715-4.548 46.456-13.32 66.599-25.34-7.798 24.366-24.366 44.833-46.132 57.827 21.117-2.273 41.584-8.122 60.426-16.243-14.292 20.791-32.161 39.308-52.628 54.253z\"><\/path><\/svg>\t\t\t\t\t<\/a>\n\t\t\t\t<\/span>\n\t\t\t\t\t\t\t<span class=\"elementor-grid-item\" role=\"listitem\">\n\t\t\t\t\t<a class=\"elementor-icon elementor-social-icon elementor-social-icon-youtube elementor-repeater-item-c4e8ce4\" href=\"https:\/\/www.youtube.com\/@policiacivilamazonas\" target=\"_blank\">\n\t\t\t\t\t\t<span class=\"elementor-screen-only\">Youtube<\/span>\n\t\t\t\t\t\t<svg class=\"e-font-icon-svg e-fab-youtube\" viewBox=\"0 0 576 512\" xmlns=\"http:\/\/www.w3.org\/2000\/svg\"><path d=\"M549.655 124.083c-6.281-23.65-24.787-42.276-48.284-48.597C458.781 64 288 64 288 64S117.22 64 74.629 75.486c-23.497 6.322-42.003 24.947-48.284 48.597-11.412 42.867-11.412 132.305-11.412 132.305s0 89.438 11.412 132.305c6.281 23.65 24.787 41.5 48.284 47.821C117.22 448 288 448 288 448s170.78 0 213.371-11.486c23.497-6.321 42.003-24.171 48.284-47.821 11.412-42.867 11.412-132.305 11.412-132.305s0-89.438-11.412-132.305zm-317.51 213.508V175.185l142.739 81.205-142.739 81.201z\"><\/path><\/svg>\t\t\t\t\t<\/a>\n\t\t\t\t<\/span>\n\t\t\t\t\t\t\t<span class=\"elementor-grid-item\" role=\"listitem\">\n\t\t\t\t\t<a class=\"elementor-icon elementor-social-icon elementor-social-icon-instagram elementor-repeater-item-e8074e2\" href=\"https:\/\/www.instagram.com\/policiacivildoamazonas\/\" target=\"_blank\">\n\t\t\t\t\t\t<span class=\"elementor-screen-only\">Instagram<\/span>\n\t\t\t\t\t\t<svg class=\"e-font-icon-svg e-fab-instagram\" viewBox=\"0 0 448 512\" xmlns=\"http:\/\/www.w3.org\/2000\/svg\"><path d=\"M224.1 141c-63.6 0-114.9 51.3-114.9 114.9s51.3 114.9 114.9 114.9S339 319.5 339 255.9 287.7 141 224.1 141zm0 189.6c-41.1 0-74.7-33.5-74.7-74.7s33.5-74.7 74.7-74.7 74.7 33.5 74.7 74.7-33.6 74.7-74.7 74.7zm146.4-194.3c0 14.9-12 26.8-26.8 26.8-14.9 0-26.8-12-26.8-26.8s12-26.8 26.8-26.8 26.8 12 26.8 26.8zm76.1 27.2c-1.7-35.9-9.9-67.7-36.2-93.9-26.2-26.2-58-34.4-93.9-36.2-37-2.1-147.9-2.1-184.9 0-35.8 1.7-67.6 9.9-93.9 36.1s-34.4 58-36.2 93.9c-2.1 37-2.1 147.9 0 184.9 1.7 35.9 9.9 67.7 36.2 93.9s58 34.4 93.9 36.2c37 2.1 147.9 2.1 184.9 0 35.9-1.7 67.7-9.9 93.9-36.2 26.2-26.2 34.4-58 36.2-93.9 2.1-37 2.1-147.8 0-184.8zM398.8 388c-7.8 19.6-22.9 34.7-42.6 42.6-29.5 11.7-99.5 9-132.1 9s-102.7 2.6-132.1-9c-19.6-7.8-34.7-22.9-42.6-42.6-11.7-29.5-9-99.5-9-132.1s-2.6-102.7 9-132.1c7.8-19.6 22.9-34.7 42.6-42.6 29.5-11.7 99.5-9 132.1-9s102.7-2.6 132.1 9c19.6 7.8 34.7 22.9 42.6 42.6 11.7 29.5 9 99.5 9 132.1s2.7 102.7-9 132.1z\"><\/path><\/svg>\t\t\t\t\t<\/a>\n\t\t\t\t<\/span>\n\t\t\t\t\t<\/div>\n\t\t\t\t\t\t<\/div>\n\t\t\t\t<\/div>\n\t\t\t\t<div class=\"elementor-element elementor-element-85f56a9 elementor-icon-list--layout-inline elementor-mobile-align-center elementor-widget__width-initial elementor-list-item-link-full_width elementor-widget elementor-widget-icon-list\" data-id=\"85f56a9\" data-element_type=\"widget\" data-widget_type=\"icon-list.default\">\n\t\t\t\t<div class=\"elementor-widget-container\">\n\t\t\t\t\t\t\t<ul class=\"elementor-icon-list-items elementor-inline-items\">\n\t\t\t\t\t\t\t<li class=\"elementor-icon-list-item elementor-inline-item\">\n\t\t\t\t\t\t\t\t\t\t\t<a href=\"https:\/\/maps.app.goo.gl\/sffN1kiG4cLuxuQe9\">\n\n\t\t\t\t\t\t\t\t\t\t\t\t<span class=\"elementor-icon-list-icon\">\n\t\t\t\t\t\t\t<svg aria-hidden=\"true\" class=\"e-font-icon-svg e-fas-map-marker-alt\" viewBox=\"0 0 384 512\" xmlns=\"http:\/\/www.w3.org\/2000\/svg\"><path d=\"M172.268 501.67C26.97 291.031 0 269.413 0 192 0 85.961 85.961 0 192 0s192 85.961 192 192c0 77.413-26.97 99.031-172.268 309.67-9.535 13.774-29.93 13.773-39.464 0zM192 272c44.183 0 80-35.817 80-80s-35.817-80-80-80-80 35.817-80 80 35.817 80 80 80z\"><\/path><\/svg>\t\t\t\t\t\t<\/span>\n\t\t\t\t\t\t\t\t\t\t<span class=\"elementor-icon-list-text\">Av. Pedro Texeira, n. 180<\/span>\n\t\t\t\t\t\t\t\t\t\t\t<\/a>\n\t\t\t\t\t\t\t\t\t<\/li>\n\t\t\t\t\t\t\t\t<li class=\"elementor-icon-list-item elementor-inline-item\">\n\t\t\t\t\t\t\t\t\t\t\t<span class=\"elementor-icon-list-icon\">\n\t\t\t\t\t\t\t<svg aria-hidden=\"true\" class=\"e-font-icon-svg e-fas-envelope\" viewBox=\"0 0 512 512\" xmlns=\"http:\/\/www.w3.org\/2000\/svg\"><path d=\"M502.3 190.8c3.9-3.1 9.7-.2 9.7 4.7V400c0 26.5-21.5 48-48 48H48c-26.5 0-48-21.5-48-48V195.6c0-5 5.7-7.8 9.7-4.7 22.4 17.4 52.1 39.5 154.1 113.6 21.1 15.4 56.7 47.8 92.2 47.6 35.7.3 72-32.8 92.3-47.6 102-74.1 131.6-96.3 154-113.7zM256 320c23.2.4 56.6-29.2 73.4-41.4 132.7-96.3 142.8-104.7 173.4-128.7 5.8-4.5 9.2-11.5 9.2-18.9v-19c0-26.5-21.5-48-48-48H48C21.5 64 0 85.5 0 112v19c0 7.4 3.4 14.3 9.2 18.9 30.6 23.9 40.7 32.4 173.4 128.7 16.8 12.2 50.2 41.8 73.4 41.4z\"><\/path><\/svg>\t\t\t\t\t\t<\/span>\n\t\t\t\t\t\t\t\t\t\t<span class=\"elementor-icon-list-text\">museudapcam@policiacivil.am.gov.br<\/span>\n\t\t\t\t\t\t\t\t\t<\/li>\n\t\t\t\t\t\t<\/ul>\n\t\t\t\t\t\t<\/div>\n\t\t\t\t<\/div>\n\t\t\t\t\t<\/div>\n\t\t\t\t<\/div>\n\t\t<div class=\"elementor-element elementor-element-7af09f2 e-flex e-con-boxed e-con e-parent\" data-id=\"7af09f2\" data-element_type=\"container\" data-settings=\"{&quot;background_background&quot;:&quot;classic&quot;}\">\n\t\t\t\t\t<div class=\"e-con-inner\">\n\t\t<div class=\"elementor-element elementor-element-9cb844a e-con-full e-flex e-con e-child\" data-id=\"9cb844a\" data-element_type=\"container\">\n\t\t\t\t<div class=\"elementor-element elementor-element-529fa7c elementor-widget elementor-widget-image\" data-id=\"529fa7c\" data-element_type=\"widget\" data-widget_type=\"image.default\">\n\t\t\t\t<div class=\"elementor-widget-container\">\n\t\t\t\t\t\t\t\t\t\t\t\t\t\t\t<img fetchpriority=\"high\" decoding=\"async\" width=\"800\" height=\"244\" src=\"https:\/\/museu.policiacivil.am.gov.br\/wp-content\/uploads\/2024\/11\/Brasao02-1024x312.png\" class=\"attachment-large size-large wp-image-44\" alt=\"\" srcset=\"https:\/\/museu.policiacivil.am.gov.br\/wp-content\/uploads\/2024\/11\/Brasao02-1024x312.png 1024w, https:\/\/museu.policiacivil.am.gov.br\/wp-content\/uploads\/2024\/11\/Brasao02-300x91.png 300w, https:\/\/museu.policiacivil.am.gov.br\/wp-content\/uploads\/2024\/11\/Brasao02-768x234.png 768w, https:\/\/museu.policiacivil.am.gov.br\/wp-content\/uploads\/2024\/11\/Brasao02-1536x468.png 1536w, https:\/\/museu.policiacivil.am.gov.br\/wp-content\/uploads\/2024\/11\/Brasao02-2048x624.png 2048w\" sizes=\"(max-width: 800px) 100vw, 800px\" \/>\t\t\t\t\t\t\t\t\t\t\t\t\t\t\t<\/div>\n\t\t\t\t<\/div>\n\t\t\t\t<\/div>\n\t\t<div class=\"elementor-element elementor-element-1cfbcfd e-con-full e-flex e-con e-child\" data-id=\"1cfbcfd\" data-element_type=\"container\">\n\t\t\t\t<div class=\"elementor-element elementor-element-6777f76 elementor-icon-list--layout-inline elementor-align-center elementor-list-item-link-full_width elementor-widget elementor-widget-icon-list\" data-id=\"6777f76\" data-element_type=\"widget\" data-widget_type=\"icon-list.default\">\n\t\t\t\t<div class=\"elementor-widget-container\">\n\t\t\t\t\t\t\t<ul class=\"elementor-icon-list-items elementor-inline-items\">\n\t\t\t\t\t\t\t<li class=\"elementor-icon-list-item elementor-inline-item\">\n\t\t\t\t\t\t\t\t\t\t\t<a href=\"https:\/\/museu.policiacivil.am.gov.br\/\">\n\n\t\t\t\t\t\t\t\t\t\t\t\t<span class=\"elementor-icon-list-icon\">\n\t\t\t\t\t\t\t<svg aria-hidden=\"true\" class=\"e-font-icon-svg e-fas-home\" viewBox=\"0 0 576 512\" xmlns=\"http:\/\/www.w3.org\/2000\/svg\"><path d=\"M280.37 148.26L96 300.11V464a16 16 0 0 0 16 16l112.06-.29a16 16 0 0 0 15.92-16V368a16 16 0 0 1 16-16h64a16 16 0 0 1 16 16v95.64a16 16 0 0 0 16 16.05L464 480a16 16 0 0 0 16-16V300L295.67 148.26a12.19 12.19 0 0 0-15.3 0zM571.6 251.47L488 182.56V44.05a12 12 0 0 0-12-12h-56a12 12 0 0 0-12 12v72.61L318.47 43a48 48 0 0 0-61 0L4.34 251.47a12 12 0 0 0-1.6 16.9l25.5 31A12 12 0 0 0 45.15 301l235.22-193.74a12.19 12.19 0 0 1 15.3 0L530.9 301a12 12 0 0 0 16.9-1.6l25.5-31a12 12 0 0 0-1.7-16.93z\"><\/path><\/svg>\t\t\t\t\t\t<\/span>\n\t\t\t\t\t\t\t\t\t\t<span class=\"elementor-icon-list-text\"><\/span>\n\t\t\t\t\t\t\t\t\t\t\t<\/a>\n\t\t\t\t\t\t\t\t\t<\/li>\n\t\t\t\t\t\t\t\t<li class=\"elementor-icon-list-item elementor-inline-item\">\n\t\t\t\t\t\t\t\t\t\t\t<a href=\"https:\/\/museu.policiacivil.am.gov.br\/?page_id=461\">\n\n\t\t\t\t\t\t\t\t\t\t\t<span class=\"elementor-icon-list-text\">Acervo<\/span>\n\t\t\t\t\t\t\t\t\t\t\t<\/a>\n\t\t\t\t\t\t\t\t\t<\/li>\n\t\t\t\t\t\t\t\t<li class=\"elementor-icon-list-item elementor-inline-item\">\n\t\t\t\t\t\t\t\t\t\t\t<a href=\"https:\/\/museu.policiacivil.am.gov.br\/?page_id=719\">\n\n\t\t\t\t\t\t\t\t\t\t\t<span class=\"elementor-icon-list-text\">Memorial<\/span>\n\t\t\t\t\t\t\t\t\t\t\t<\/a>\n\t\t\t\t\t\t\t\t\t<\/li>\n\t\t\t\t\t\t\t\t<li class=\"elementor-icon-list-item elementor-inline-item\">\n\t\t\t\t\t\t\t\t\t\t\t<a href=\"https:\/\/museu.policiacivil.am.gov.br\/?page_id=431\">\n\n\t\t\t\t\t\t\t\t\t\t\t<span class=\"elementor-icon-list-text\">Nossa Hist\u00f3ria<\/span>\n\t\t\t\t\t\t\t\t\t\t\t<\/a>\n\t\t\t\t\t\t\t\t\t<\/li>\n\t\t\t\t\t\t\t\t<li class=\"elementor-icon-list-item elementor-inline-item\">\n\t\t\t\t\t\t\t\t\t\t\t<a href=\"https:\/\/museu.policiacivil.am.gov.br\/?page_id=140\">\n\n\t\t\t\t\t\t\t\t\t\t\t<span class=\"elementor-icon-list-text\">Delegados Gerais<\/span>\n\t\t\t\t\t\t\t\t\t\t\t<\/a>\n\t\t\t\t\t\t\t\t\t<\/li>\n\t\t\t\t\t\t\t\t<li class=\"elementor-icon-list-item elementor-inline-item\">\n\t\t\t\t\t\t\t\t\t\t\t<a href=\"https:\/\/museu.policiacivil.am.gov.br\/?page_id=1096\">\n\n\t\t\t\t\t\t\t\t\t\t\t<span class=\"elementor-icon-list-text\">Hist\u00f3rias<\/span>\n\t\t\t\t\t\t\t\t\t\t\t<\/a>\n\t\t\t\t\t\t\t\t\t<\/li>\n\t\t\t\t\t\t\t\t<li class=\"elementor-icon-list-item elementor-inline-item\">\n\t\t\t\t\t\t\t\t\t\t\t<a href=\"https:\/\/museu.policiacivil.am.gov.br\/?page_id=777\">\n\n\t\t\t\t\t\t\t\t\t\t\t<span class=\"elementor-icon-list-text\">V\u00eddeos<\/span>\n\t\t\t\t\t\t\t\t\t\t\t<\/a>\n\t\t\t\t\t\t\t\t\t<\/li>\n\t\t\t\t\t\t\t\t<li class=\"elementor-icon-list-item elementor-inline-item\">\n\t\t\t\t\t\t\t\t\t\t\t<a href=\"https:\/\/www.policiacivil.am.gov.br\/\" target=\"_blank\">\n\n\t\t\t\t\t\t\t\t\t\t\t\t<span class=\"elementor-icon-list-icon\">\n\t\t\t\t\t\t\t<svg aria-hidden=\"true\" class=\"e-font-icon-svg e-fas-globe\" viewBox=\"0 0 496 512\" xmlns=\"http:\/\/www.w3.org\/2000\/svg\"><path d=\"M336.5 160C322 70.7 287.8 8 248 8s-74 62.7-88.5 152h177zM152 256c0 22.2 1.2 43.5 3.3 64h185.3c2.1-20.5 3.3-41.8 3.3-64s-1.2-43.5-3.3-64H155.3c-2.1 20.5-3.3 41.8-3.3 64zm324.7-96c-28.6-67.9-86.5-120.4-158-141.6 24.4 33.8 41.2 84.7 50 141.6h108zM177.2 18.4C105.8 39.6 47.8 92.1 19.3 160h108c8.7-56.9 25.5-107.8 49.9-141.6zM487.4 192H372.7c2.1 21 3.3 42.5 3.3 64s-1.2 43-3.3 64h114.6c5.5-20.5 8.6-41.8 8.6-64s-3.1-43.5-8.5-64zM120 256c0-21.5 1.2-43 3.3-64H8.6C3.2 212.5 0 233.8 0 256s3.2 43.5 8.6 64h114.6c-2-21-3.2-42.5-3.2-64zm39.5 96c14.5 89.3 48.7 152 88.5 152s74-62.7 88.5-152h-177zm159.3 141.6c71.4-21.2 129.4-73.7 158-141.6h-108c-8.8 56.9-25.6 107.8-50 141.6zM19.3 352c28.6 67.9 86.5 120.4 158 141.6-24.4-33.8-41.2-84.7-50-141.6h-108z\"><\/path><\/svg>\t\t\t\t\t\t<\/span>\n\t\t\t\t\t\t\t\t\t\t<span class=\"elementor-icon-list-text\">Site PCAM<\/span>\n\t\t\t\t\t\t\t\t\t\t\t<\/a>\n\t\t\t\t\t\t\t\t\t<\/li>\n\t\t\t\t\t\t<\/ul>\n\t\t\t\t\t\t<\/div>\n\t\t\t\t<\/div>\n\t\t\t\t<\/div>\n\t\t\t\t\t<\/div>\n\t\t\t\t<\/div>\n\t\t<div class=\"elementor-element elementor-element-1170ff2 e-flex e-con-boxed e-con e-parent\" data-id=\"1170ff2\" data-element_type=\"container\" data-settings=\"{&quot;background_background&quot;:&quot;classic&quot;}\">\n\t\t\t\t\t<div class=\"e-con-inner\">\n\t\t\t\t<div class=\"elementor-element elementor-element-f9936a4 elementor-widget-divider--view-line elementor-widget elementor-widget-divider\" data-id=\"f9936a4\" data-element_type=\"widget\" data-widget_type=\"divider.default\">\n\t\t\t\t<div class=\"elementor-widget-container\">\n\t\t\t\t\t\t\t<div class=\"elementor-divider\">\n\t\t\t<span class=\"elementor-divider-separator\">\n\t\t\t\t\t\t<\/span>\n\t\t<\/div>\n\t\t\t\t\t\t<\/div>\n\t\t\t\t<\/div>\n\t\t\t\t\t<\/div>\n\t\t\t\t<\/div>\n\t\t<div class=\"elementor-element elementor-element-9ca2a5c e-flex e-con-boxed e-con e-parent\" data-id=\"9ca2a5c\" data-element_type=\"container\" data-settings=\"{&quot;background_background&quot;:&quot;classic&quot;}\">\n\t\t\t\t\t<div class=\"e-con-inner\">\n\t\t\t\t<div class=\"elementor-element elementor-element-00abd47 elementor-widget elementor-widget-heading\" data-id=\"00abd47\" data-element_type=\"widget\" data-widget_type=\"heading.default\">\n\t\t\t\t<div class=\"elementor-widget-container\">\n\t\t\t\t\t<h2 class=\"elementor-heading-title elementor-size-default\">SUBMETRALHADORA MT 12 TAURUS<\/h2>\t\t\t\t<\/div>\n\t\t\t\t<\/div>\n\t\t\t\t\t<\/div>\n\t\t\t\t<\/div>\n\t\t<div class=\"elementor-element elementor-element-faea8f7 e-flex e-con-boxed e-con e-parent\" data-id=\"faea8f7\" data-element_type=\"container\" data-settings=\"{&quot;background_background&quot;:&quot;classic&quot;}\">\n\t\t\t\t\t<div class=\"e-con-inner\">\n\t\t\t\t<div class=\"elementor-element elementor-element-ad84e0f elementor-widget elementor-widget-text-editor\" data-id=\"ad84e0f\" data-element_type=\"widget\" data-widget_type=\"text-editor.default\">\n\t\t\t\t<div class=\"elementor-widget-container\">\n\t\t\t\t\t\t\t\t\t<p>A Taurus MT 12 \u00e9 uma submetralhadora desenvolvida pela fabricante brasileira Taurus, conhecida por sua produ\u00e7\u00e3o de armas de fogo. Aqui est\u00e1 um resumo da hist\u00f3ria e desenvolvimento da Taurus MT 12.<\/p>\t\t\t\t\t\t\t\t<\/div>\n\t\t\t\t<\/div>\n\t\t\t\t\t<\/div>\n\t\t\t\t<\/div>\n\t\t<div class=\"elementor-element elementor-element-d3c4b17 e-flex e-con-boxed e-con e-parent\" data-id=\"d3c4b17\" data-element_type=\"container\" data-settings=\"{&quot;background_background&quot;:&quot;classic&quot;}\">\n\t\t\t\t\t<div class=\"e-con-inner\">\n\t\t\t\t<div class=\"elementor-element elementor-element-aab0d30 elementor-widget elementor-widget-image\" data-id=\"aab0d30\" data-element_type=\"widget\" data-widget_type=\"image.default\">\n\t\t\t\t<div class=\"elementor-widget-container\">\n\t\t\t\t\t\t\t\t\t\t\t\t\t\t\t<img decoding=\"async\" width=\"768\" height=\"576\" src=\"https:\/\/museu.policiacivil.am.gov.br\/wp-content\/uploads\/2025\/01\/SUBMETRALHADORA-MT-12-TAURUS-2-768x576.jpeg\" class=\"attachment-medium_large size-medium_large wp-image-923\" alt=\"\" srcset=\"https:\/\/museu.policiacivil.am.gov.br\/wp-content\/uploads\/2025\/01\/SUBMETRALHADORA-MT-12-TAURUS-2-768x576.jpeg 768w, https:\/\/museu.policiacivil.am.gov.br\/wp-content\/uploads\/2025\/01\/SUBMETRALHADORA-MT-12-TAURUS-2-300x225.jpeg 300w, https:\/\/museu.policiacivil.am.gov.br\/wp-content\/uploads\/2025\/01\/SUBMETRALHADORA-MT-12-TAURUS-2-1024x768.jpeg 1024w, https:\/\/museu.policiacivil.am.gov.br\/wp-content\/uploads\/2025\/01\/SUBMETRALHADORA-MT-12-TAURUS-2-1536x1152.jpeg 1536w, https:\/\/museu.policiacivil.am.gov.br\/wp-content\/uploads\/2025\/01\/SUBMETRALHADORA-MT-12-TAURUS-2-2048x1536.jpeg 2048w\" sizes=\"(max-width: 768px) 100vw, 768px\" \/>\t\t\t\t\t\t\t\t\t\t\t\t\t\t\t<\/div>\n\t\t\t\t<\/div>\n\t\t\t\t\t<\/div>\n\t\t\t\t<\/div>\n\t\t<div class=\"elementor-element elementor-element-094d63a e-flex e-con-boxed e-con e-parent\" data-id=\"094d63a\" data-element_type=\"container\" data-settings=\"{&quot;background_background&quot;:&quot;classic&quot;}\">\n\t\t\t\t\t<div class=\"e-con-inner\">\n\t\t\t\t<div class=\"elementor-element elementor-element-84fbe71 elementor-widget elementor-widget-text-editor\" data-id=\"84fbe71\" data-element_type=\"widget\" data-widget_type=\"text-editor.default\">\n\t\t\t\t<div class=\"elementor-widget-container\">\n\t\t\t\t\t\t\t\t\t<p><strong>Desenvolvimento e Contexto<\/strong><br \/><br \/>Anos 1990: A Taurus come\u00e7ou a desenvolver a MT 12 em um contexto de crescente demanda por armas de fogo compactas e eficazes para uso em opera\u00e7\u00f5es de seguran\u00e7a p\u00fablica e militar. A necessidade de armamento que pudesse ser utilizado em ambientes urbanos e em situa\u00e7\u00f5es de combate pr\u00f3ximo foi um fator importante para o desenvolvimento da MT 12.<br \/>Design e Caracter\u00edsticas: A Taurus MT 12 foi projetada para ser uma submetralhadora leve e de f\u00e1cil manuseio, utilizando o calibre 9&#215;19 mm (9 mm Parabellum). O design focou na ergonomia e na funcionalidade, permitindo que os operadores utilizassem a arma de forma eficiente em diversas situa\u00e7\u00f5es.<br \/><br \/><strong>Ado\u00e7\u00e3o e Uso<\/strong><br \/><br \/>For\u00e7as de Seguran\u00e7a: A MT 12 foi adotada por v\u00e1rias unidades das for\u00e7as de seguran\u00e7a no Brasil, incluindo a Pol\u00edcia Militar e a Pol\u00edcia Civil. Sua leveza e capacidade de disparo em modo autom\u00e1tico a tornaram uma escolha popular para opera\u00e7\u00f5es que exigem mobilidade e rapidez.<br \/><br \/>Opera\u00e7\u00f5es Urbanas: A submetralhadora \u00e9 especialmente eficaz em ambientes urbanos, onde o espa\u00e7o \u00e9 restrito e a necessidade de uma arma compacta \u00e9 crucial. A MT 12 se destacou em opera\u00e7\u00f5es de combate ao crime e em interven\u00e7\u00f5es policiais.<\/p><p><strong>Evolu\u00e7\u00e3o e Atualidade<\/strong><br \/><strong>Atualiza\u00e7\u00f5es:<\/strong> Ao longo dos anos, a Taurus MT 12 passou por melhorias e atualiza\u00e7\u00f5es, incorporando feedback de usu\u00e1rios e avan\u00e7os tecnol\u00f3gicos para aumentar sua efic\u00e1cia e confiabilidade.<br \/><strong>Reconhecimento:<\/strong> A MT 12 \u00e9 reconhecida no Brasil e em outros pa\u00edses como uma op\u00e7\u00e3o vi\u00e1vel para for\u00e7as de seguran\u00e7a, refletindo a capacidade da Taurus em desenvolver armamento que atenda \u00e0s necessidades espec\u00edficas do mercado.<br \/>A Taurus MT 12 representa um esfor\u00e7o significativo da ind\u00fastria armamentista brasileira para criar uma submetralhadora que atenda \u00e0s exig\u00eancias das for\u00e7as de seguran\u00e7a. Sua hist\u00f3ria \u00e9 marcada pela adapta\u00e7\u00e3o \u00e0s necessidades operacionais e pela busca cont\u00ednua por melhorias, tornando-a uma escolha popular entre as unidades de seguran\u00e7a p\u00fablica.<br \/><br \/><\/p><p><strong>Especifica\u00e7\u00f5es T\u00e9cnicas da Taurus MT 12:<\/strong><strong><br \/><\/strong>1. Calibre: 9&#215;19 mm (9 mm Parabellum)<br \/>2. Tipo de A\u00e7\u00e3o: Recuo livre (blowback)<br \/>3. Modos de Disparo: Semiautom\u00e1tico e autom\u00e1tico<br \/>4. Capacidade do Carregador: 32 cartuchos (carregador padr\u00e3o)<br \/>5. Comprimento Total: Aproximadamente 600 mm (com a coronha estendida)<br \/>6. Comprimento do Cano: Cerca de 200 mm<br \/>7. Peso: Aproximadamente 3 kg (sem muni\u00e7\u00e3o)<br \/>8. Material do Corpo: A\u00e7o e pol\u00edmero<br \/>9. Sistema de Mira: Mira fixa ou ajust\u00e1vel, dependendo da vers\u00e3o<br \/>10. Velocidade do Projetil: Aproximadamente 350 m\/s<br \/>11. Alcance Eficaz: At\u00e9 100 metros<br \/>12. Ciclo de Opera\u00e7\u00e3o: Recuo<br \/>13. Coronha: Retr\u00e1til, permitindo ajuste para diferentes usu\u00e1rios e situa\u00e7\u00f5es<br \/><br \/>\u00a0<strong>Caracter\u00edsticas Adicionais<\/strong>:<br \/>&#8211; Ergonomia: A MT 12 foi projetada para ser leve e f\u00e1cil de manusear, com uma empunhadura que proporciona conforto durante o uso.<br \/>&#8211; Acess\u00f3rios: A arma pode ser equipada com diversos acess\u00f3rios, como silenciadores, miras \u00f3pticas e lanternas t\u00e1ticas, aumentando sua versatilidade em opera\u00e7\u00f5es.<br \/>&#8211; Uso em Ambientes Urbanos: A compacta\u00e7\u00e3o e leveza da MT 12 a tornam ideal para opera\u00e7\u00f5es em \u00e1reas urbanas, onde a mobilidade \u00e9 crucial.<\/p>\t\t\t\t\t\t\t\t<\/div>\n\t\t\t\t<\/div>\n\t\t\t\t\t<\/div>\n\t\t\t\t<\/div>\n\t\t<div class=\"elementor-element elementor-element-585d0b4 e-flex e-con-boxed e-con e-parent\" data-id=\"585d0b4\" data-element_type=\"container\" data-settings=\"{&quot;background_background&quot;:&quot;classic&quot;}\">\n\t\t\t\t\t<div class=\"e-con-inner\">\n\t\t\t\t<div class=\"elementor-element elementor-element-2981ca3 elementor-widget elementor-widget-image\" data-id=\"2981ca3\" data-element_type=\"widget\" data-widget_type=\"image.default\">\n\t\t\t\t<div class=\"elementor-widget-container\">\n\t\t\t\t\t\t\t\t\t\t\t\t\t\t\t<img decoding=\"async\" width=\"768\" height=\"576\" src=\"https:\/\/museu.policiacivil.am.gov.br\/wp-content\/uploads\/2025\/01\/SUBMETRALHADORA-MT-12-TAURUS-4-768x576.jpeg\" class=\"attachment-medium_large size-medium_large wp-image-925\" alt=\"\" srcset=\"https:\/\/museu.policiacivil.am.gov.br\/wp-content\/uploads\/2025\/01\/SUBMETRALHADORA-MT-12-TAURUS-4-768x576.jpeg 768w, https:\/\/museu.policiacivil.am.gov.br\/wp-content\/uploads\/2025\/01\/SUBMETRALHADORA-MT-12-TAURUS-4-300x225.jpeg 300w, https:\/\/museu.policiacivil.am.gov.br\/wp-content\/uploads\/2025\/01\/SUBMETRALHADORA-MT-12-TAURUS-4-1024x768.jpeg 1024w, https:\/\/museu.policiacivil.am.gov.br\/wp-content\/uploads\/2025\/01\/SUBMETRALHADORA-MT-12-TAURUS-4-1536x1152.jpeg 1536w, https:\/\/museu.policiacivil.am.gov.br\/wp-content\/uploads\/2025\/01\/SUBMETRALHADORA-MT-12-TAURUS-4-2048x1536.jpeg 2048w\" sizes=\"(max-width: 768px) 100vw, 768px\" \/>\t\t\t\t\t\t\t\t\t\t\t\t\t\t\t<\/div>\n\t\t\t\t<\/div>\n\t\t\t\t\t<\/div>\n\t\t\t\t<\/div>\n\t\t<div class=\"elementor-element elementor-element-e26a611 e-flex e-con-boxed e-con e-parent\" data-id=\"e26a611\" data-element_type=\"container\" data-settings=\"{&quot;background_background&quot;:&quot;classic&quot;}\">\n\t\t\t\t\t<div class=\"e-con-inner\">\n\t\t\t\t<div class=\"elementor-element elementor-element-30e17d2 elementor-widget elementor-widget-text-editor\" data-id=\"30e17d2\" data-element_type=\"widget\" data-widget_type=\"text-editor.default\">\n\t\t\t\t<div class=\"elementor-widget-container\">\n\t\t\t\t\t\t\t\t\t<p>Pol\u00edcia Civil do Estado do Amazonas | Todos os direitos reservados<\/p>\t\t\t\t\t\t\t\t<\/div>\n\t\t\t\t<\/div>\n\t\t\t\t\t<\/div>\n\t\t\t\t<\/div>\n\t\t\t\t<\/div>\n\t\t","protected":false},"excerpt":{"rendered":"<p>Facebook Twitter Youtube Instagram Av. Pedro Texeira, n. 180 museudapcam@policiacivil.am.gov.br Acervo Memorial Nossa Hist\u00f3ria Delegados Gerais Hist\u00f3rias V\u00eddeos Site PCAM SUBMETRALHADORA MT 12 TAURUS A Taurus MT 12 \u00e9 uma submetralhadora desenvolvida pela fabricante brasileira Taurus, conhecida por sua produ\u00e7\u00e3o de armas de fogo. Aqui est\u00e1 um resumo da hist\u00f3ria e desenvolvimento da Taurus MT [&hellip;]<\/p>\n","protected":false},"author":2,"featured_media":0,"parent":0,"menu_order":0,"comment_status":"closed","ping_status":"closed","template":"elementor_canvas","meta":{"inline_featured_image":false,"footnotes":""},"class_list":["post-927","page","type-page","status-publish","hentry"],"_links":{"self":[{"href":"https:\/\/museu.policiacivil.am.gov.br\/index.php?rest_route=\/wp\/v2\/pages\/927","targetHints":{"allow":["GET"]}}],"collection":[{"href":"https:\/\/museu.policiacivil.am.gov.br\/index.php?rest_route=\/wp\/v2\/pages"}],"about":[{"href":"https:\/\/museu.policiacivil.am.gov.br\/index.php?rest_route=\/wp\/v2\/types\/page"}],"author":[{"embeddable":true,"href":"https:\/\/museu.policiacivil.am.gov.br\/index.php?rest_route=\/wp\/v2\/users\/2"}],"replies":[{"embeddable":true,"href":"https:\/\/museu.policiacivil.am.gov.br\/index.php?rest_route=%2Fwp%2Fv2%2Fcomments&post=927"}],"version-history":[{"count":10,"href":"https:\/\/museu.policiacivil.am.gov.br\/index.php?rest_route=\/wp\/v2\/pages\/927\/revisions"}],"predecessor-version":[{"id":1483,"href":"https:\/\/museu.policiacivil.am.gov.br\/index.php?rest_route=\/wp\/v2\/pages\/927\/revisions\/1483"}],"wp:attachment":[{"href":"https:\/\/museu.policiacivil.am.gov.br\/index.php?rest_route=%2Fwp%2Fv2%2Fmedia&parent=927"}],"curies":[{"name":"wp","href":"https:\/\/api.w.org\/{rel}","templated":true}]}}